{"id":676,"date":"2026-01-23T00:13:57","date_gmt":"2026-01-23T00:13:57","guid":{"rendered":"https:\/\/gerenpro.org\/contacto-5\/"},"modified":"2026-01-23T00:13:57","modified_gmt":"2026-01-23T00:13:57","slug":"contacto-5","status":"publish","type":"page","link":"https:\/\/gerenpro.org\/en\/contacto-5\/","title":{"rendered":"Contact"},"content":{"rendered":"","protected":false},"excerpt":{"rendered":"","protected":false},"author":0,"featured_media":0,"parent":0,"menu_order":0,"comment_status":"closed","ping_status":"closed","template":"page-contacto.php","meta":{"footnotes":""},"class_list":["post-676","page","type-page","status-publish","hentry"],"yoast_head":"<!-- This site is optimized with the Yoast SEO plugin v27.6 - https:\/\/yoast.com\/product\/yoast-seo-wordpress\/ -->\n<title>Contacto | Gerenpro S.A.<\/title>\n<meta name=\"description\" content=\"Cont\u00e1ctenos para soluciones de ingenier\u00eda petrolera. Gerenpro S.A. - Maracaibo, Venezuela. Tel\u00e9fono: +58 261 792 3807. Email: info@gerenpro.org\" \/>\n<meta name=\"robots\" content=\"index, follow, max-snippet:-1, max-image-preview:large, max-video-preview:-1\" \/>\n<link rel=\"canonical\" href=\"https:\/\/gerenpro.org\/en\/contacto-5\/\" \/>\n<meta property=\"og:locale\" content=\"en_US\" \/>\n<meta property=\"og:type\" content=\"article\" \/>\n<meta property=\"og:title\" content=\"Contacto | Gerenpro S.A.\" \/>\n<meta property=\"og:description\" content=\"Cont\u00e1ctenos para soluciones de ingenier\u00eda petrolera. Gerenpro S.A. - Maracaibo, Venezuela. Tel\u00e9fono: +58 261 792 3807. Email: info@gerenpro.org\" \/>\n<meta property=\"og:url\" content=\"https:\/\/gerenpro.org\/en\/contacto-5\/\" \/>\n<meta property=\"og:site_name\" content=\"Gerenpro S.A.\" \/>\n<meta name=\"twitter:card\" content=\"summary_large_image\" \/>\n<script type=\"application\/ld+json\" class=\"yoast-schema-graph\">{\"@context\":\"https:\\\/\\\/schema.org\",\"@graph\":[{\"@type\":\"WebPage\",\"@id\":\"https:\\\/\\\/gerenpro.org\\\/contacto-5\\\/\",\"url\":\"https:\\\/\\\/gerenpro.org\\\/contacto-5\\\/\",\"name\":\"Contacto | Gerenpro S.A.\",\"isPartOf\":{\"@id\":\"https:\\\/\\\/gerenpro.org\\\/#website\"},\"datePublished\":\"2026-01-23T00:13:57+00:00\",\"description\":\"Cont\u00e1ctenos para soluciones de ingenier\u00eda petrolera. Gerenpro S.A. - Maracaibo, Venezuela. Tel\u00e9fono: +58 261 792 3807. Email: info@gerenpro.org\",\"breadcrumb\":{\"@id\":\"https:\\\/\\\/gerenpro.org\\\/contacto-5\\\/#breadcrumb\"},\"inLanguage\":\"en-US\",\"potentialAction\":[{\"@type\":\"ReadAction\",\"target\":[\"https:\\\/\\\/gerenpro.org\\\/contacto-5\\\/\"]}]},{\"@type\":\"BreadcrumbList\",\"@id\":\"https:\\\/\\\/gerenpro.org\\\/contacto-5\\\/#breadcrumb\",\"itemListElement\":[{\"@type\":\"ListItem\",\"position\":1,\"name\":\"Home\",\"item\":\"https:\\\/\\\/gerenpro.org\\\/\"},{\"@type\":\"ListItem\",\"position\":2,\"name\":\"Contacto\"}]},{\"@type\":\"WebSite\",\"@id\":\"https:\\\/\\\/gerenpro.org\\\/#website\",\"url\":\"https:\\\/\\\/gerenpro.org\\\/\",\"name\":\"Gerenpro S.A.\",\"description\":\"Soluciones integrales de Ingenier\u00eda, Procura y Construcci\u00f3n para la industria petrolera. +30 a\u00f1os de experiencia en Venezuela.\",\"publisher\":{\"@id\":\"https:\\\/\\\/gerenpro.org\\\/#organization\"},\"potentialAction\":[{\"@type\":\"SearchAction\",\"target\":{\"@type\":\"EntryPoint\",\"urlTemplate\":\"https:\\\/\\\/gerenpro.org\\\/?s={search_term_string}\"},\"query-input\":{\"@type\":\"PropertyValueSpecification\",\"valueRequired\":true,\"valueName\":\"search_term_string\"}}],\"inLanguage\":\"en-US\"},{\"@type\":\"Organization\",\"@id\":\"https:\\\/\\\/gerenpro.org\\\/#organization\",\"name\":\"Gerenpro S.A.\",\"url\":\"https:\\\/\\\/gerenpro.org\\\/\",\"logo\":{\"@type\":\"ImageObject\",\"inLanguage\":\"en-US\",\"@id\":\"https:\\\/\\\/gerenpro.org\\\/#\\\/schema\\\/logo\\\/image\\\/\",\"url\":\"https:\\\/\\\/gerenpro.org\\\/wp-content\\\/uploads\\\/2026\\\/01\\\/cropped-Logo-gerenpro-1.png\",\"contentUrl\":\"https:\\\/\\\/gerenpro.org\\\/wp-content\\\/uploads\\\/2026\\\/01\\\/cropped-Logo-gerenpro-1.png\",\"width\":800,\"height\":175,\"caption\":\"Gerenpro S.A.\"},\"image\":{\"@id\":\"https:\\\/\\\/gerenpro.org\\\/#\\\/schema\\\/logo\\\/image\\\/\"}}]}<\/script>\n<!-- \/ Yoast SEO plugin. -->","yoast_head_json":{"title":"Contacto | Gerenpro S.A.","description":"Cont\u00e1ctenos para soluciones de ingenier\u00eda petrolera. Gerenpro S.A. - Maracaibo, Venezuela. Tel\u00e9fono: +58 261 792 3807. Email: info@gerenpro.org","robots":{"index":"index","follow":"follow","max-snippet":"max-snippet:-1","max-image-preview":"max-image-preview:large","max-video-preview":"max-video-preview:-1"},"canonical":"https:\/\/gerenpro.org\/en\/contacto-5\/","og_locale":"en_US","og_type":"article","og_title":"Contacto | Gerenpro S.A.","og_description":"Cont\u00e1ctenos para soluciones de ingenier\u00eda petrolera. Gerenpro S.A. - Maracaibo, Venezuela. Tel\u00e9fono: +58 261 792 3807. Email: info@gerenpro.org","og_url":"https:\/\/gerenpro.org\/en\/contacto-5\/","og_site_name":"Gerenpro S.A.","twitter_card":"summary_large_image","schema":{"@context":"https:\/\/schema.org","@graph":[{"@type":"WebPage","@id":"https:\/\/gerenpro.org\/contacto-5\/","url":"https:\/\/gerenpro.org\/contacto-5\/","name":"Contacto | Gerenpro S.A.","isPartOf":{"@id":"https:\/\/gerenpro.org\/#website"},"datePublished":"2026-01-23T00:13:57+00:00","description":"Cont\u00e1ctenos para soluciones de ingenier\u00eda petrolera. Gerenpro S.A. - Maracaibo, Venezuela. Tel\u00e9fono: +58 261 792 3807. Email: info@gerenpro.org","breadcrumb":{"@id":"https:\/\/gerenpro.org\/contacto-5\/#breadcrumb"},"inLanguage":"en-US","potentialAction":[{"@type":"ReadAction","target":["https:\/\/gerenpro.org\/contacto-5\/"]}]},{"@type":"BreadcrumbList","@id":"https:\/\/gerenpro.org\/contacto-5\/#breadcrumb","itemListElement":[{"@type":"ListItem","position":1,"name":"Home","item":"https:\/\/gerenpro.org\/"},{"@type":"ListItem","position":2,"name":"Contacto"}]},{"@type":"WebSite","@id":"https:\/\/gerenpro.org\/#website","url":"https:\/\/gerenpro.org\/","name":"Gerenpro S.A.","description":"Soluciones integrales de Ingenier\u00eda, Procura y Construcci\u00f3n para la industria petrolera. +30 a\u00f1os de experiencia en Venezuela.","publisher":{"@id":"https:\/\/gerenpro.org\/#organization"},"potentialAction":[{"@type":"SearchAction","target":{"@type":"EntryPoint","urlTemplate":"https:\/\/gerenpro.org\/?s={search_term_string}"},"query-input":{"@type":"PropertyValueSpecification","valueRequired":true,"valueName":"search_term_string"}}],"inLanguage":"en-US"},{"@type":"Organization","@id":"https:\/\/gerenpro.org\/#organization","name":"Gerenpro S.A.","url":"https:\/\/gerenpro.org\/","logo":{"@type":"ImageObject","inLanguage":"en-US","@id":"https:\/\/gerenpro.org\/#\/schema\/logo\/image\/","url":"https:\/\/gerenpro.org\/wp-content\/uploads\/2026\/01\/cropped-Logo-gerenpro-1.png","contentUrl":"https:\/\/gerenpro.org\/wp-content\/uploads\/2026\/01\/cropped-Logo-gerenpro-1.png","width":800,"height":175,"caption":"Gerenpro S.A."},"image":{"@id":"https:\/\/gerenpro.org\/#\/schema\/logo\/image\/"}}]}},"_links":{"self":[{"href":"https:\/\/gerenpro.org\/en\/wp-json\/wp\/v2\/pages\/676","targetHints":{"allow":["GET"]}}],"collection":[{"href":"https:\/\/gerenpro.org\/en\/wp-json\/wp\/v2\/pages"}],"about":[{"href":"https:\/\/gerenpro.org\/en\/wp-json\/wp\/v2\/types\/page"}],"replies":[{"embeddable":true,"href":"https:\/\/gerenpro.org\/en\/wp-json\/wp\/v2\/comments?post=676"}],"version-history":[{"count":0,"href":"https:\/\/gerenpro.org\/en\/wp-json\/wp\/v2\/pages\/676\/revisions"}],"wp:attachment":[{"href":"https:\/\/gerenpro.org\/en\/wp-json\/wp\/v2\/media?parent=676"}],"curies":[{"name":"wp","href":"https:\/\/api.w.org\/{rel}","templated":true}]}}